{"id":21,"date":"2020-12-26T19:17:33","date_gmt":"2020-12-26T18:17:33","guid":{"rendered":"http:\/\/localhost\/salopek\/?page_id=21"},"modified":"2023-05-04T02:41:13","modified_gmt":"2023-05-04T00:41:13","slug":"o-nama","status":"publish","type":"page","link":"https:\/\/www.odvjetnik-salopek.hr\/en\/o-nama\/","title":{"rendered":"ABOUT US"},"content":{"rendered":"<div data-elementor-type=\"wp-page\" data-elementor-id=\"21\" class=\"elementor elementor-21\">\n\t\t\t\t\t\t<section class=\"elementor-section elementor-top-section elementor-element elementor-element-350ac7d1 elementor-section-full_width elementor-hidden-phone elementor-section-height-default elementor-section-height-default\" data-id=\"350ac7d1\" data-element_type=\"section\" data-e-type=\"section\" data-settings=\"{&quot;background_background&quot;:&quot;classic&quot;}\">\n\t\t\t\t\t\t<div class=\"elementor-container elementor-column-gap-default\">\n\t\t\t\t\t<div class=\"elementor-column elementor-col-100 elementor-top-column elementor-element elementor-element-3b5cb95f\" data-id=\"3b5cb95f\" data-element_type=\"column\" data-e-type=\"column\" data-settings=\"{&quot;background_background&quot;:&quot;classic&quot;}\">\n\t\t\t<div class=\"elementor-widget-wrap elementor-element-populated\">\n\t\t\t\t\t\t<div class=\"elementor-element elementor-element-ba65ad9 elementor-widget elementor-widget-heading\" data-id=\"ba65ad9\" data-element_type=\"widget\" data-e-type=\"widget\" data-widget_type=\"heading.default\">\n\t\t\t\t<div class=\"elementor-widget-container\">\n\t\t\t\t\t<h1 class=\"elementor-heading-title elementor-size-large\">ABOUT US<\/h1>\t\t\t\t<\/div>\n\t\t\t\t<\/div>\n\t\t\t\t<div class=\"elementor-element elementor-element-dd213ba elementor-widget elementor-widget-spacer\" data-id=\"dd213ba\" data-element_type=\"widget\" data-e-type=\"widget\" data-widget_type=\"spacer.default\">\n\t\t\t\t<div class=\"elementor-widget-container\">\n\t\t\t\t\t\t\t<div class=\"elementor-spacer\">\n\t\t\t<div class=\"elementor-spacer-inner\"><\/div>\n\t\t<\/div>\n\t\t\t\t\t\t<\/div>\n\t\t\t\t<\/div>\n\t\t\t\t<section class=\"elementor-section elementor-inner-section elementor-element elementor-element-729147c elementor-section-boxed elementor-section-height-default elementor-section-height-default\" data-id=\"729147c\" data-element_type=\"section\" data-e-type=\"section\">\n\t\t\t\t\t\t<div class=\"elementor-container elementor-column-gap-default\">\n\t\t\t\t\t<div class=\"elementor-column elementor-col-50 elementor-inner-column elementor-element elementor-element-e244637\" data-id=\"e244637\" data-element_type=\"column\" data-e-type=\"column\">\n\t\t\t<div class=\"elementor-widget-wrap elementor-element-populated\">\n\t\t\t\t\t\t<div class=\"elementor-element elementor-element-53823c1 elementor-widget elementor-widget-text-editor\" data-id=\"53823c1\" data-element_type=\"widget\" data-e-type=\"widget\" data-widget_type=\"text-editor.default\">\n\t\t\t\t<div class=\"elementor-widget-container\">\n\t\t\t\t\t\t\t\t\t<p><strong>The core values \u200b\u200bwe nurture are professional ethics, a multidisciplinary approach to solving legal problems, readiness for change and the systematic acquisition of new knowledge.\u00a0<\/strong><\/p><p>Our goal is to respond to the needs of the parties in a quality and efficient manner. In doing so, we strive for high ethical standards. We build our business reputation on the trust of our customers.<\/p><p>In order to achieve high goals, we continuously upgrade existing knowledge, monitor relevant professional literature and case law, participate in seminars and conferences in the country and abroad, systematically monitor all legislative changes and improve foreign language skills, trying to meet the demands of an increasingly complex market.<\/p><p>We are proud that our clients have recognized us as an office that in solving legal problems strives to find optimal, often new solutions, which is in the spirit of our moral and professional commitment.<\/p><p>We are oriented, in every situation where it is objectively possible, to point out to the parties the possibility of resolving the dispute through mediation.<\/p><p>Mediation, unlike court proceedings, with all the advantages such as speed and incomparably lower costs, offers the most important thing - putting the parties first and resolving conflicts between them in a way that shows both parties understanding and assistance.<\/p>\t\t\t\t\t\t\t\t<\/div>\n\t\t\t\t<\/div>\n\t\t\t\t\t<\/div>\n\t\t<\/div>\n\t\t\t\t<div class=\"elementor-column elementor-col-50 elementor-inner-column elementor-element elementor-element-4d3fdea\" data-id=\"4d3fdea\" data-element_type=\"column\" data-e-type=\"column\">\n\t\t\t<div class=\"elementor-widget-wrap elementor-element-populated\">\n\t\t\t\t\t\t<div class=\"elementor-element elementor-element-499841c elementor-widget elementor-widget-image\" data-id=\"499841c\" data-element_type=\"widget\" data-e-type=\"widget\" data-widget_type=\"image.default\">\n\t\t\t\t<div class=\"elementor-widget-container\">\n\t\t\t\t\t\t\t\t\t\t\t\t\t\t\t<img fetchpriority=\"high\" decoding=\"async\" width=\"209\" height=\"314\" src=\"https:\/\/www.odvjetnik-salopek.hr\/wp-content\/uploads\/2020\/12\/nositelj_ureda.jpg\" class=\"attachment-large size-large wp-image-145\" alt=\"Nositelj ureda\" \/>\t\t\t\t\t\t\t\t\t\t\t\t\t\t\t<\/div>\n\t\t\t\t<\/div>\n\t\t\t\t\t<\/div>\n\t\t<\/div>\n\t\t\t\t\t<\/div>\n\t\t<\/section>\n\t\t\t\t<div class=\"elementor-element elementor-element-9de0fe5 elementor-widget-divider--view-line elementor-widget elementor-widget-divider\" data-id=\"9de0fe5\" data-element_type=\"widget\" data-e-type=\"widget\" data-widget_type=\"divider.default\">\n\t\t\t\t<div class=\"elementor-widget-container\">\n\t\t\t\t\t\t\t<div class=\"elementor-divider\">\n\t\t\t<span class=\"elementor-divider-separator\">\n\t\t\t\t\t\t<\/span>\n\t\t<\/div>\n\t\t\t\t\t\t<\/div>\n\t\t\t\t<\/div>\n\t\t\t\t<div class=\"elementor-element elementor-element-a52f7c3 elementor-widget elementor-widget-heading\" data-id=\"a52f7c3\" data-element_type=\"widget\" data-e-type=\"widget\" data-widget_type=\"heading.default\">\n\t\t\t\t<div class=\"elementor-widget-container\">\n\t\t\t\t\t<h2 class=\"elementor-heading-title elementor-size-default\">Information on data protection and the lawyer's website<\/h2>\t\t\t\t<\/div>\n\t\t\t\t<\/div>\n\t\t\t\t<div class=\"elementor-element elementor-element-fce1064 elementor-widget elementor-widget-spacer\" data-id=\"fce1064\" data-element_type=\"widget\" data-e-type=\"widget\" data-widget_type=\"spacer.default\">\n\t\t\t\t<div class=\"elementor-widget-container\">\n\t\t\t\t\t\t\t<div class=\"elementor-spacer\">\n\t\t\t<div class=\"elementor-spacer-inner\"><\/div>\n\t\t<\/div>\n\t\t\t\t\t\t<\/div>\n\t\t\t\t<\/div>\n\t\t\t\t<div class=\"elementor-element elementor-element-d9d021e elementor-widget elementor-widget-image\" data-id=\"d9d021e\" data-element_type=\"widget\" data-e-type=\"widget\" data-widget_type=\"image.default\">\n\t\t\t\t<div class=\"elementor-widget-container\">\n\t\t\t\t\t\t\t\t\t\t\t\t\t\t\t<img decoding=\"async\" width=\"166\" height=\"166\" src=\"https:\/\/www.odvjetnik-salopek.hr\/wp-content\/uploads\/2021\/01\/header_law_image_166.jpg\" class=\"attachment-large size-large wp-image-250\" alt=\"Header law image\" \/>\t\t\t\t\t\t\t\t\t\t\t\t\t\t\t<\/div>\n\t\t\t\t<\/div>\n\t\t\t\t<div class=\"elementor-element elementor-element-a11fb37 elementor-widget elementor-widget-spacer\" data-id=\"a11fb37\" data-element_type=\"widget\" data-e-type=\"widget\" data-widget_type=\"spacer.default\">\n\t\t\t\t<div class=\"elementor-widget-container\">\n\t\t\t\t\t\t\t<div class=\"elementor-spacer\">\n\t\t\t<div class=\"elementor-spacer-inner\"><\/div>\n\t\t<\/div>\n\t\t\t\t\t\t<\/div>\n\t\t\t\t<\/div>\n\t\t\t\t<div class=\"elementor-element elementor-element-4ccc6fd elementor-widget elementor-widget-text-editor\" data-id=\"4ccc6fd\" data-element_type=\"widget\" data-e-type=\"widget\" data-widget_type=\"text-editor.default\">\n\t\t\t\t<div class=\"elementor-widget-container\">\n\t\t\t\t\t\t\t\t\t<p>Na\u0161 odvjetni\u010dki ured obra\u0111uje osobne podatke o strankama i tre\u0107im osobama sa svrhom izvr\u0161enja ugovora o zastupanju ili pru\u017eanja drugog oblika pravne pomo\u0107i. Tako\u0111er obra\u0111ujemo i osobne podatke o tre\u0107im osobama s kojima komuniciramo po bilo kojoj osnovi. Ako nam se obratite putem elektroni\u010dke po\u0161te ili ste od nas primili poruku elektroni\u010dke po\u0161te Va\u0161i osobni podaci iz takve poruke predmet su na\u0161e obrade. Va\u0161e osobne podatke prikupljamo, obra\u0111ujemo i \u010duvamo u skladu sa zahtjevima Op\u0107e uredbe o za\u0161titi podataka. Vi\u0161e informacija o na\u0161oj obradi Va\u0161ih osobnih podataka mo\u017eete na\u0107i u na\u0161oj Obavijesti o obradi osobnih podataka, koju mo\u017eete preuzeti s na\u0161e mre\u017ene stranice, mo\u017eete ju dobiti u na\u0161em odvjetni\u010dkom uredu ili \u0107emo Vam je dostaviti na Va\u0161 zahtjev. U slu\u010daju bilo kakvog pitanja ili prigovora u vezi s obradom Va\u0161ih osobnih podataka mo\u017eete nas kontaktirati.<\/p>\n<p>The website of the law firm Salopek complies with the Ordinance on the website of lawyers and is a means by which the public and clients receive information about our law office, the holder of the office and the areas of law we deal with. For the needs of our parties, we follow all the news in the Croatian legal environment and court practice.<\/p>\t\t\t\t\t\t\t\t<\/div>\n\t\t\t\t<\/div>\n\t\t\t\t\t<\/div>\n\t\t<\/div>\n\t\t\t\t\t<\/div>\n\t\t<\/section>\n\t\t\t\t<section class=\"elementor-section elementor-top-section elementor-element elementor-element-a6b3f2c elementor-section-full_width elementor-hidden-tablet elementor-hidden-desktop elementor-section-height-default elementor-section-height-default\" data-id=\"a6b3f2c\" data-element_type=\"section\" data-e-type=\"section\" data-settings=\"{&quot;background_background&quot;:&quot;classic&quot;,&quot;animation_mobile&quot;:&quot;fadeInLeft&quot;}\">\n\t\t\t\t\t\t<div class=\"elementor-container elementor-column-gap-default\">\n\t\t\t\t\t<div class=\"elementor-column elementor-col-100 elementor-top-column elementor-element elementor-element-ee265b2\" data-id=\"ee265b2\" data-element_type=\"column\" data-e-type=\"column\" data-settings=\"{&quot;background_background&quot;:&quot;classic&quot;}\">\n\t\t\t<div class=\"elementor-widget-wrap elementor-element-populated\">\n\t\t\t\t\t\t<div class=\"elementor-element elementor-element-007d512 elementor-widget elementor-widget-heading\" data-id=\"007d512\" data-element_type=\"widget\" data-e-type=\"widget\" data-widget_type=\"heading.default\">\n\t\t\t\t<div class=\"elementor-widget-container\">\n\t\t\t\t\t<h1 class=\"elementor-heading-title elementor-size-large\">ABOUT US<\/h1>\t\t\t\t<\/div>\n\t\t\t\t<\/div>\n\t\t\t\t<section class=\"elementor-section elementor-inner-section elementor-element elementor-element-e8b4a0b elementor-hidden-tablet elementor-section-boxed elementor-section-height-default elementor-section-height-default\" data-id=\"e8b4a0b\" data-element_type=\"section\" data-e-type=\"section\">\n\t\t\t\t\t\t<div class=\"elementor-container elementor-column-gap-default\">\n\t\t\t\t\t<div class=\"elementor-column elementor-col-100 elementor-inner-column elementor-element elementor-element-dee279c\" data-id=\"dee279c\" data-element_type=\"column\" data-e-type=\"column\">\n\t\t\t<div class=\"elementor-widget-wrap elementor-element-populated\">\n\t\t\t\t\t\t<div class=\"elementor-element elementor-element-9b5a69f elementor-hidden-tablet elementor-widget elementor-widget-image\" data-id=\"9b5a69f\" data-element_type=\"widget\" data-e-type=\"widget\" data-widget_type=\"image.default\">\n\t\t\t\t<div class=\"elementor-widget-container\">\n\t\t\t\t\t\t\t\t\t\t\t\t\t\t\t<img fetchpriority=\"high\" decoding=\"async\" width=\"209\" height=\"314\" src=\"https:\/\/www.odvjetnik-salopek.hr\/wp-content\/uploads\/2020\/12\/nositelj_ureda.jpg\" class=\"attachment-large size-large wp-image-145\" alt=\"Nositelj ureda\" \/>\t\t\t\t\t\t\t\t\t\t\t\t\t\t\t<\/div>\n\t\t\t\t<\/div>\n\t\t\t\t<div class=\"elementor-element elementor-element-1d7ba04 elementor-hidden-tablet elementor-widget elementor-widget-text-editor\" data-id=\"1d7ba04\" data-element_type=\"widget\" data-e-type=\"widget\" data-widget_type=\"text-editor.default\">\n\t\t\t\t<div class=\"elementor-widget-container\">\n\t\t\t\t\t\t\t\t\t<p><strong>The core values \u200b\u200bwe nurture are professional ethics, a multidisciplinary approach to solving legal problems, readiness for change and the systematic acquisition of new knowledge.<\/strong><\/p>\n<p>Our goal is to respond to the needs of the parties in a quality and efficient manner. In doing so, we strive for high ethical standards. We build our business reputation on the trust of our customers.<\/p>\n<p>In order to achieve high goals, we continuously upgrade existing knowledge, monitor relevant professional literature and case law, participate in seminars and conferences in the country and abroad, systematically monitor all legislative changes and improve foreign language skills, trying to meet the demands of an increasingly complex market.<\/p>\n<p>We are proud that our clients have recognized us as an office that in solving legal problems strives to find optimal, often new solutions, which is in the spirit of our moral and professional commitment.<\/p>\n<p>We are oriented, in every situation where it is objectively possible, to point out to the parties the possibility of resolving the dispute through mediation.<\/p>\n<p>Mediation, unlike court proceedings, with all the advantages such as speed and incomparably lower costs, offers the most important thing - putting the parties first and resolving conflicts between them in a way that shows both parties understanding and assistance.<\/p>\t\t\t\t\t\t\t\t<\/div>\n\t\t\t\t<\/div>\n\t\t\t\t\t<\/div>\n\t\t<\/div>\n\t\t\t\t\t<\/div>\n\t\t<\/section>\n\t\t\t\t<div class=\"elementor-element elementor-element-ed4fab7 elementor-widget-divider--view-line elementor-widget elementor-widget-divider\" data-id=\"ed4fab7\" data-element_type=\"widget\" data-e-type=\"widget\" data-widget_type=\"divider.default\">\n\t\t\t\t<div class=\"elementor-widget-container\">\n\t\t\t\t\t\t\t<div class=\"elementor-divider\">\n\t\t\t<span class=\"elementor-divider-separator\">\n\t\t\t\t\t\t<\/span>\n\t\t<\/div>\n\t\t\t\t\t\t<\/div>\n\t\t\t\t<\/div>\n\t\t\t\t<div class=\"elementor-element elementor-element-5b14947 elementor-widget elementor-widget-heading\" data-id=\"5b14947\" data-element_type=\"widget\" data-e-type=\"widget\" data-widget_type=\"heading.default\">\n\t\t\t\t<div class=\"elementor-widget-container\">\n\t\t\t\t\t<h2 class=\"elementor-heading-title elementor-size-default\">Information on data protection and the lawyer's website<\/h2>\t\t\t\t<\/div>\n\t\t\t\t<\/div>\n\t\t\t\t<div class=\"elementor-element elementor-element-a34d8ad elementor-widget elementor-widget-spacer\" data-id=\"a34d8ad\" data-element_type=\"widget\" data-e-type=\"widget\" data-widget_type=\"spacer.default\">\n\t\t\t\t<div class=\"elementor-widget-container\">\n\t\t\t\t\t\t\t<div class=\"elementor-spacer\">\n\t\t\t<div class=\"elementor-spacer-inner\"><\/div>\n\t\t<\/div>\n\t\t\t\t\t\t<\/div>\n\t\t\t\t<\/div>\n\t\t\t\t<div class=\"elementor-element elementor-element-8b6be27 elementor-widget elementor-widget-image\" data-id=\"8b6be27\" data-element_type=\"widget\" data-e-type=\"widget\" data-widget_type=\"image.default\">\n\t\t\t\t<div class=\"elementor-widget-container\">\n\t\t\t\t\t\t\t\t\t\t\t\t\t\t\t<img decoding=\"async\" width=\"166\" height=\"166\" src=\"https:\/\/www.odvjetnik-salopek.hr\/wp-content\/uploads\/2021\/01\/header_law_image_166.jpg\" class=\"attachment-large size-large wp-image-250\" alt=\"Header law image\" \/>\t\t\t\t\t\t\t\t\t\t\t\t\t\t\t<\/div>\n\t\t\t\t<\/div>\n\t\t\t\t<div class=\"elementor-element elementor-element-58015df elementor-widget elementor-widget-spacer\" data-id=\"58015df\" data-element_type=\"widget\" data-e-type=\"widget\" data-widget_type=\"spacer.default\">\n\t\t\t\t<div class=\"elementor-widget-container\">\n\t\t\t\t\t\t\t<div class=\"elementor-spacer\">\n\t\t\t<div class=\"elementor-spacer-inner\"><\/div>\n\t\t<\/div>\n\t\t\t\t\t\t<\/div>\n\t\t\t\t<\/div>\n\t\t\t\t<div class=\"elementor-element elementor-element-108358b elementor-widget elementor-widget-text-editor\" data-id=\"108358b\" data-element_type=\"widget\" data-e-type=\"widget\" data-widget_type=\"text-editor.default\">\n\t\t\t\t<div class=\"elementor-widget-container\">\n\t\t\t\t\t\t\t\t\t<p>Our law firm processes personal data about clients and third parties for the purpose of enforcing a representation agreement or providing another form of legal assistance. We also process personal information about third parties with whom we communicate on any basis. If you contact us by e-mail or you have received an e-mail from us, your personal data and such messages are the subject of our processing. We collect, process and store your personal data in accordance with the requirements of the General Data Protection Regulation. More information about our processing of your personal data can be found in our Notice on the processing of personal data, which you can download from our website, you can get it in our law office or we will provide it to you at your request.In case of any questions or objections regarding the processing of your personal data, you can contact us.<\/p><p>The website of the law firm Salopek complies with the Ordinance on the website of lawyers and is a means by which the public and clients receive information about our law office, the holder of the office and the areas of law we deal with. For the needs of our parties, we follow all the news in the Croatian legal environment and court practice.<\/p>\t\t\t\t\t\t\t\t<\/div>\n\t\t\t\t<\/div>\n\t\t\t\t\t<\/div>\n\t\t<\/div>\n\t\t\t\t\t<\/div>\n\t\t<\/section>\n\t\t\t\t<\/div>","protected":false},"excerpt":{"rendered":"<p>O nama Temeljne vrijednosti koje njegujemo su profesionalna etika, multidisciplinarni pristup u rje\u0161avanju pravnih problema, spremnost na promjene i sustavno stjecanje novih znanja.\u00a0 Na\u0161 cilj je kvalitetno i efikasno odgovoriti na potrebe stranaka. Pri tome te\u017eimo visokim eti\u010dkim standardima. Poslovni ugled gradimo na povjerenju stranaka. Kako bi smo ostvarili visoko postavljene ciljeve, kontinuirano nadogra\u0111ujemo postoje\u0107a [&hellip;]<\/p>\n","protected":false},"author":1,"featured_media":0,"parent":0,"menu_order":0,"comment_status":"closed","ping_status":"closed","template":"","meta":{"footnotes":""},"class_list":["post-21","page","type-page","status-publish","hentry","entry"],"aioseo_notices":[],"_links":{"self":[{"href":"https:\/\/www.odvjetnik-salopek.hr\/en\/wp-json\/wp\/v2\/pages\/21","targetHints":{"allow":["GET"]}}],"collection":[{"href":"https:\/\/www.odvjetnik-salopek.hr\/en\/wp-json\/wp\/v2\/pages"}],"about":[{"href":"https:\/\/www.odvjetnik-salopek.hr\/en\/wp-json\/wp\/v2\/types\/page"}],"author":[{"embeddable":true,"href":"https:\/\/www.odvjetnik-salopek.hr\/en\/wp-json\/wp\/v2\/users\/1"}],"replies":[{"embeddable":true,"href":"https:\/\/www.odvjetnik-salopek.hr\/en\/wp-json\/wp\/v2\/comments?post=21"}],"version-history":[{"count":3,"href":"https:\/\/www.odvjetnik-salopek.hr\/en\/wp-json\/wp\/v2\/pages\/21\/revisions"}],"predecessor-version":[{"id":2435,"href":"https:\/\/www.odvjetnik-salopek.hr\/en\/wp-json\/wp\/v2\/pages\/21\/revisions\/2435"}],"wp:attachment":[{"href":"https:\/\/www.odvjetnik-salopek.hr\/en\/wp-json\/wp\/v2\/media?parent=21"}],"curies":[{"name":"wp","href":"https:\/\/api.w.org\/{rel}","templated":true}]}}