{"id":23,"date":"2020-12-26T19:18:03","date_gmt":"2020-12-26T18:18:03","guid":{"rendered":"http:\/\/localhost\/salopek\/?page_id=23"},"modified":"2021-03-13T15:24:01","modified_gmt":"2021-03-13T14:24:01","slug":"o-nositelju-ureda","status":"publish","type":"page","link":"https:\/\/www.odvjetnik-salopek.hr\/en\/o-nositelju-ureda\/","title":{"rendered":"ABOUT THE OFFICE"},"content":{"rendered":"<div data-elementor-type=\"wp-page\" data-elementor-id=\"23\" class=\"elementor elementor-23\">\n\t\t\t\t\t\t<section class=\"elementor-section elementor-top-section elementor-element elementor-element-4a0e4536 elementor-section-full_width elementor-hidden-phone elementor-section-height-default elementor-section-height-default\" data-id=\"4a0e4536\" data-element_type=\"section\" data-e-type=\"section\" data-settings=\"{&quot;background_background&quot;:&quot;classic&quot;,&quot;animation_mobile&quot;:&quot;none&quot;}\">\n\t\t\t\t\t\t<div class=\"elementor-container elementor-column-gap-default\">\n\t\t\t\t\t<div class=\"elementor-column elementor-col-100 elementor-top-column elementor-element elementor-element-385102a0\" data-id=\"385102a0\" data-element_type=\"column\" data-e-type=\"column\" data-settings=\"{&quot;background_background&quot;:&quot;classic&quot;}\">\n\t\t\t<div class=\"elementor-widget-wrap elementor-element-populated\">\n\t\t\t\t\t\t<div class=\"elementor-element elementor-element-2c3027d1 elementor-widget elementor-widget-heading\" data-id=\"2c3027d1\" data-element_type=\"widget\" data-e-type=\"widget\" data-widget_type=\"heading.default\">\n\t\t\t\t<div class=\"elementor-widget-container\">\n\t\t\t\t\t<h1 class=\"elementor-heading-title elementor-size-large\">ABOUT THE OFFICE<\/h1>\t\t\t\t<\/div>\n\t\t\t\t<\/div>\n\t\t\t\t<div class=\"elementor-element elementor-element-fac9d01 elementor-widget elementor-widget-spacer\" data-id=\"fac9d01\" data-element_type=\"widget\" data-e-type=\"widget\" data-widget_type=\"spacer.default\">\n\t\t\t\t<div class=\"elementor-widget-container\">\n\t\t\t\t\t\t\t<div class=\"elementor-spacer\">\n\t\t\t<div class=\"elementor-spacer-inner\"><\/div>\n\t\t<\/div>\n\t\t\t\t\t\t<\/div>\n\t\t\t\t<\/div>\n\t\t\t\t<div class=\"elementor-element elementor-element-4d45709 elementor-widget elementor-widget-image\" data-id=\"4d45709\" data-element_type=\"widget\" data-e-type=\"widget\" data-widget_type=\"image.default\">\n\t\t\t\t<div class=\"elementor-widget-container\">\n\t\t\t\t\t\t\t\t\t\t\t\t\t\t\t<img fetchpriority=\"high\" decoding=\"async\" width=\"607\" height=\"210\" src=\"https:\/\/www.odvjetnik-salopek.hr\/wp-content\/uploads\/2020\/12\/jpg-1069_o_nosielju_ureda.jpg\" class=\"attachment-large size-large wp-image-146\" alt=\"O nositelju ureda\" \/>\t\t\t\t\t\t\t\t\t\t\t\t\t\t\t<\/div>\n\t\t\t\t<\/div>\n\t\t\t\t<div class=\"elementor-element elementor-element-5762ec9 elementor-widget elementor-widget-spacer\" data-id=\"5762ec9\" data-element_type=\"widget\" data-e-type=\"widget\" data-widget_type=\"spacer.default\">\n\t\t\t\t<div class=\"elementor-widget-container\">\n\t\t\t\t\t\t\t<div class=\"elementor-spacer\">\n\t\t\t<div class=\"elementor-spacer-inner\"><\/div>\n\t\t<\/div>\n\t\t\t\t\t\t<\/div>\n\t\t\t\t<\/div>\n\t\t\t\t<div class=\"elementor-element elementor-element-62510717 elementor-widget elementor-widget-text-editor\" data-id=\"62510717\" data-element_type=\"widget\" data-e-type=\"widget\" data-widget_type=\"text-editor.default\">\n\t\t\t\t<div class=\"elementor-widget-container\">\n\t\t\t\t\t\t\t\t\t<p>Maja Salopek is a lawyer with many years of experience in the judiciary, and since 2012 she has been the head of the Salopek Law Office. Since 2013 she has been an authorized conciliator in conciliation centers in the Republic of Croatia, and since 2016 she has been a doctoral student at the Faculty of Law, University of Zagreb - Department of Civil Law and Family Law. <\/p>\n<p>She is a member of the International Department of the American Bar Association, the Croatian Society for Civil Law Sciences and Practice, the Croatian Conciliation Association and the Croatian Bar Association, where she also served as Deputy Disciplinary Prosecutor of the Croatian Bar Association for two terms. <\/p>\n<p>As a lawyer, she has participated in numerous scientific and professional conferences and conferences in the country and abroad. <\/p>\n<p>As a doctoral student, from the middle of 2017, with more intensive law practice, she began to engage in scientific work. Thus, in June 2017, she participated in the conference \"Civil Environmental Protection\" organized by the Croatian Academy of Sciences and Arts with a solo presentation which was published as an authorized text in the publication of the Scientific Council for Public Administration, Judiciary and Rule of Law HAZU, and in July 2017. She studied in Austria, at the Faculty of Law of the University of Salzburg, attending the \"Salzburg Summer School 2017 on European Private Law - Erasmus IP Intesive Program\" and thus obtained the internationally recognized certificate of the University of Salzburg \"The Main Features of the European Legal Systems.\"&nbsp;<\/p>\n<p>It provides legal advice, provides clients with services for checking compliance with legal regulations and resolving disputes through representation in court proceedings and out of court, representation in mediation proceedings.<\/p>\t\t\t\t\t\t\t\t<\/div>\n\t\t\t\t<\/div>\n\t\t\t\t<section class=\"elementor-section elementor-inner-section elementor-element elementor-element-a7ae0b0 elementor-section-boxed elementor-section-height-default elementor-section-height-default\" data-id=\"a7ae0b0\" data-element_type=\"section\" data-e-type=\"section\">\n\t\t\t\t\t\t<div class=\"elementor-container elementor-column-gap-default\">\n\t\t\t\t\t<div class=\"elementor-column elementor-col-50 elementor-inner-column elementor-element elementor-element-d0fdd3f\" data-id=\"d0fdd3f\" data-element_type=\"column\" data-e-type=\"column\">\n\t\t\t<div class=\"elementor-widget-wrap elementor-element-populated\">\n\t\t\t\t\t\t<div class=\"elementor-element elementor-element-87c4736 elementor-align-center elementor-widget elementor-widget-button\" data-id=\"87c4736\" data-element_type=\"widget\" data-e-type=\"widget\" data-widget_type=\"button.default\">\n\t\t\t\t<div class=\"elementor-widget-container\">\n\t\t\t\t\t\t\t\t\t<div class=\"elementor-button-wrapper\">\n\t\t\t\t\t<a class=\"elementor-button elementor-button-link elementor-size-sm\" href=\"https:\/\/www.odvjetnik-salopek.hr\/wp-content\/uploads\/2021\/01\/Zivotopis.pdf\" target=\"_blank\">\n\t\t\t\t\t\t<span class=\"elementor-button-content-wrapper\">\n\t\t\t\t\t\t\t\t\t<span class=\"elementor-button-text\">Curriculum Vitae (hr)<\/span>\n\t\t\t\t\t<\/span>\n\t\t\t\t\t<\/a>\n\t\t\t\t<\/div>\n\t\t\t\t\t\t\t\t<\/div>\n\t\t\t\t<\/div>\n\t\t\t\t\t<\/div>\n\t\t<\/div>\n\t\t\t\t<div class=\"elementor-column elementor-col-50 elementor-inner-column elementor-element elementor-element-a0e0bb8\" data-id=\"a0e0bb8\" data-element_type=\"column\" data-e-type=\"column\">\n\t\t\t<div class=\"elementor-widget-wrap elementor-element-populated\">\n\t\t\t\t\t\t<div class=\"elementor-element elementor-element-02f1915 elementor-align-center elementor-widget elementor-widget-button\" data-id=\"02f1915\" data-element_type=\"widget\" data-e-type=\"widget\" data-widget_type=\"button.default\">\n\t\t\t\t<div class=\"elementor-widget-container\">\n\t\t\t\t\t\t\t\t\t<div class=\"elementor-button-wrapper\">\n\t\t\t\t\t<a class=\"elementor-button elementor-button-link elementor-size-sm\" href=\"https:\/\/www.odvjetnik-salopek.hr\/wp-content\/uploads\/2021\/01\/Curriculum-Vitae.pdf\" target=\"_blank\">\n\t\t\t\t\t\t<span class=\"elementor-button-content-wrapper\">\n\t\t\t\t\t\t\t\t\t<span class=\"elementor-button-text\">Curriculum Vitae (en)<\/span>\n\t\t\t\t\t<\/span>\n\t\t\t\t\t<\/a>\n\t\t\t\t<\/div>\n\t\t\t\t\t\t\t\t<\/div>\n\t\t\t\t<\/div>\n\t\t\t\t\t<\/div>\n\t\t<\/div>\n\t\t\t\t\t<\/div>\n\t\t<\/section>\n\t\t\t\t<div class=\"elementor-element elementor-element-f2bd849 elementor-widget elementor-widget-spacer\" data-id=\"f2bd849\" data-element_type=\"widget\" data-e-type=\"widget\" data-widget_type=\"spacer.default\">\n\t\t\t\t<div class=\"elementor-widget-container\">\n\t\t\t\t\t\t\t<div class=\"elementor-spacer\">\n\t\t\t<div class=\"elementor-spacer-inner\"><\/div>\n\t\t<\/div>\n\t\t\t\t\t\t<\/div>\n\t\t\t\t<\/div>\n\t\t\t\t\t<\/div>\n\t\t<\/div>\n\t\t\t\t\t<\/div>\n\t\t<\/section>\n\t\t\t\t<section class=\"elementor-section elementor-top-section elementor-element elementor-element-f7af8b0 elementor-section-full_width elementor-hidden-tablet elementor-hidden-desktop elementor-section-height-default elementor-section-height-default elementor-invisible\" data-id=\"f7af8b0\" data-element_type=\"section\" data-e-type=\"section\" data-settings=\"{&quot;background_background&quot;:&quot;classic&quot;,&quot;animation&quot;:&quot;fadeInLeft&quot;,&quot;animation_mobile&quot;:&quot;fadeInLeft&quot;}\">\n\t\t\t\t\t\t<div class=\"elementor-container elementor-column-gap-default\">\n\t\t\t\t\t<div class=\"elementor-column elementor-col-100 elementor-top-column elementor-element elementor-element-8c7d399\" data-id=\"8c7d399\" data-element_type=\"column\" data-e-type=\"column\" data-settings=\"{&quot;background_background&quot;:&quot;classic&quot;}\">\n\t\t\t<div class=\"elementor-widget-wrap elementor-element-populated\">\n\t\t\t\t\t\t<div class=\"elementor-element elementor-element-175b2c5 elementor-widget elementor-widget-heading\" data-id=\"175b2c5\" data-element_type=\"widget\" data-e-type=\"widget\" data-widget_type=\"heading.default\">\n\t\t\t\t<div class=\"elementor-widget-container\">\n\t\t\t\t\t<h1 class=\"elementor-heading-title elementor-size-large\">ABOUT THE OFFICE<\/h1>\t\t\t\t<\/div>\n\t\t\t\t<\/div>\n\t\t\t\t<div class=\"elementor-element elementor-element-e365bb0 elementor-widget elementor-widget-spacer\" data-id=\"e365bb0\" data-element_type=\"widget\" data-e-type=\"widget\" data-widget_type=\"spacer.default\">\n\t\t\t\t<div class=\"elementor-widget-container\">\n\t\t\t\t\t\t\t<div class=\"elementor-spacer\">\n\t\t\t<div class=\"elementor-spacer-inner\"><\/div>\n\t\t<\/div>\n\t\t\t\t\t\t<\/div>\n\t\t\t\t<\/div>\n\t\t\t\t<div class=\"elementor-element elementor-element-e943759 elementor-widget elementor-widget-image\" data-id=\"e943759\" data-element_type=\"widget\" data-e-type=\"widget\" data-widget_type=\"image.default\">\n\t\t\t\t<div class=\"elementor-widget-container\">\n\t\t\t\t\t\t\t\t\t\t\t\t\t\t\t<img fetchpriority=\"high\" decoding=\"async\" width=\"607\" height=\"210\" src=\"https:\/\/www.odvjetnik-salopek.hr\/wp-content\/uploads\/2020\/12\/jpg-1069_o_nosielju_ureda.jpg\" class=\"attachment-large size-large wp-image-146\" alt=\"O nositelju ureda\" \/>\t\t\t\t\t\t\t\t\t\t\t\t\t\t\t<\/div>\n\t\t\t\t<\/div>\n\t\t\t\t<div class=\"elementor-element elementor-element-8942599 elementor-widget elementor-widget-text-editor\" data-id=\"8942599\" data-element_type=\"widget\" data-e-type=\"widget\" data-widget_type=\"text-editor.default\">\n\t\t\t\t<div class=\"elementor-widget-container\">\n\t\t\t\t\t\t\t\t\t<p>Maja Salopek is a lawyer with many years of experience in the judiciary, and since 2012 she has been the head of the Salopek Law Office. Since 2013 she has been an authorized conciliator in conciliation centers in the Republic of Croatia, and since 2016 she has been a doctoral student at the Faculty of Law, University of Zagreb - Department of Civil Law and Family Law. <\/p>\n<p>She is a member of the International Department of the American Bar Association, the Croatian Society for Civil Law Sciences and Practice, the Croatian Conciliation Association and the Croatian Bar Association, where she also served as Deputy Disciplinary Prosecutor of the Croatian Bar Association for two terms. <\/p>\n<p>As a lawyer, she has participated in numerous scientific and professional conferences and conferences in the country and abroad. <\/p>\n<p>As a doctoral student, from the middle of 2017, with more intensive law practice, she began to engage in scientific work. Thus, in June 2017, she participated in the conference \"Civil Environmental Protection\" organized by the Croatian Academy of Sciences and Arts with a solo presentation which was published as an authorized text in the publication of the Scientific Council for Public Administration, Judiciary and Rule of Law HAZU, and in July 2017. She studied in Austria, at the Faculty of Law of the University of Salzburg, attending the \"Salzburg Summer School 2017 on European Private Law - Erasmus IP Intesive Program\" and thus obtained the internationally recognized certificate of the University of Salzburg \"The Main Features of the European Legal Systems.\"&nbsp;<\/p>\n<p>It provides legal advice, provides clients with services for checking compliance with legal regulations and resolving disputes through representation in court proceedings and out of court, representation in mediation proceedings.<\/p>\t\t\t\t\t\t\t\t<\/div>\n\t\t\t\t<\/div>\n\t\t\t\t<div class=\"elementor-element elementor-element-cf89738 elementor-widget elementor-widget-spacer\" data-id=\"cf89738\" data-element_type=\"widget\" data-e-type=\"widget\" data-widget_type=\"spacer.default\">\n\t\t\t\t<div class=\"elementor-widget-container\">\n\t\t\t\t\t\t\t<div class=\"elementor-spacer\">\n\t\t\t<div class=\"elementor-spacer-inner\"><\/div>\n\t\t<\/div>\n\t\t\t\t\t\t<\/div>\n\t\t\t\t<\/div>\n\t\t\t\t<section class=\"elementor-section elementor-inner-section elementor-element elementor-element-fa1a36a elementor-section-boxed elementor-section-height-default elementor-section-height-default\" data-id=\"fa1a36a\" data-element_type=\"section\" data-e-type=\"section\">\n\t\t\t\t\t\t<div class=\"elementor-container elementor-column-gap-no\">\n\t\t\t\t\t<div class=\"elementor-column elementor-col-50 elementor-inner-column elementor-element elementor-element-82e6c28\" data-id=\"82e6c28\" data-element_type=\"column\" data-e-type=\"column\">\n\t\t\t<div class=\"elementor-widget-wrap elementor-element-populated\">\n\t\t\t\t\t\t<div class=\"elementor-element elementor-element-3a6caf9 elementor-align-center elementor-mobile-align-center elementor-widget elementor-widget-button\" data-id=\"3a6caf9\" data-element_type=\"widget\" data-e-type=\"widget\" data-widget_type=\"button.default\">\n\t\t\t\t<div class=\"elementor-widget-container\">\n\t\t\t\t\t\t\t\t\t<div class=\"elementor-button-wrapper\">\n\t\t\t\t\t<a class=\"elementor-button elementor-button-link elementor-size-sm\" href=\"https:\/\/www.odvjetnik-salopek.hr\/wp-content\/uploads\/2021\/01\/Zivotopis.pdf\" target=\"_blank\">\n\t\t\t\t\t\t<span class=\"elementor-button-content-wrapper\">\n\t\t\t\t\t\t\t\t\t<span class=\"elementor-button-text\">\u017divotopis (hr)<\/span>\n\t\t\t\t\t<\/span>\n\t\t\t\t\t<\/a>\n\t\t\t\t<\/div>\n\t\t\t\t\t\t\t\t<\/div>\n\t\t\t\t<\/div>\n\t\t\t\t<div class=\"elementor-element elementor-element-13e71fc elementor-widget-divider--view-line elementor-widget elementor-widget-divider\" data-id=\"13e71fc\" data-element_type=\"widget\" data-e-type=\"widget\" data-widget_type=\"divider.default\">\n\t\t\t\t<div class=\"elementor-widget-container\">\n\t\t\t\t\t\t\t<div class=\"elementor-divider\">\n\t\t\t<span class=\"elementor-divider-separator\">\n\t\t\t\t\t\t<\/span>\n\t\t<\/div>\n\t\t\t\t\t\t<\/div>\n\t\t\t\t<\/div>\n\t\t\t\t\t<\/div>\n\t\t<\/div>\n\t\t\t\t<div class=\"elementor-column elementor-col-50 elementor-inner-column elementor-element elementor-element-fba5c33\" data-id=\"fba5c33\" data-element_type=\"column\" data-e-type=\"column\">\n\t\t\t<div class=\"elementor-widget-wrap elementor-element-populated\">\n\t\t\t\t\t\t<div class=\"elementor-element elementor-element-0a174c9 elementor-align-center elementor-mobile-align-center elementor-widget elementor-widget-button\" data-id=\"0a174c9\" data-element_type=\"widget\" data-e-type=\"widget\" data-widget_type=\"button.default\">\n\t\t\t\t<div class=\"elementor-widget-container\">\n\t\t\t\t\t\t\t\t\t<div class=\"elementor-button-wrapper\">\n\t\t\t\t\t<a class=\"elementor-button elementor-button-link elementor-size-sm\" href=\"https:\/\/www.odvjetnik-salopek.hr\/wp-content\/uploads\/2021\/01\/Curriculum-Vitae.pdf\" target=\"_blank\">\n\t\t\t\t\t\t<span class=\"elementor-button-content-wrapper\">\n\t\t\t\t\t\t\t\t\t<span class=\"elementor-button-text\">Curriculum Vitae (en)<\/span>\n\t\t\t\t\t<\/span>\n\t\t\t\t\t<\/a>\n\t\t\t\t<\/div>\n\t\t\t\t\t\t\t\t<\/div>\n\t\t\t\t<\/div>\n\t\t\t\t\t<\/div>\n\t\t<\/div>\n\t\t\t\t\t<\/div>\n\t\t<\/section>\n\t\t\t\t\t<\/div>\n\t\t<\/div>\n\t\t\t\t\t<\/div>\n\t\t<\/section>\n\t\t\t\t<\/div>","protected":false},"excerpt":{"rendered":"<p>O nositelju ureda Maja Salopek je odvjetnica s vi\u0161egodi\u0161njim iskustvom rada u pravosu\u0111u, a od 2012. godine nositeljica je Odvjetni\u010dkog ureda Salopek. Od 2013. godine obna\u0161a du\u017enost ovla\u0161tenog izmiritelja u centrima za mirenje u Republici Hrvatskoj, a od 2016. godine je doktorand na Pravnom fakultetu Sveu\u010dili\u0161ta u Zagrebu \u2013 Smjer gra\u0111onskopravnih znanosti i obiteljskopravne znanosti. [&hellip;]<\/p>\n","protected":false},"author":1,"featured_media":0,"parent":0,"menu_order":0,"comment_status":"closed","ping_status":"closed","template":"","meta":{"footnotes":""},"class_list":["post-23","page","type-page","status-publish","hentry","entry"],"aioseo_notices":[],"_links":{"self":[{"href":"https:\/\/www.odvjetnik-salopek.hr\/en\/wp-json\/wp\/v2\/pages\/23","targetHints":{"allow":["GET"]}}],"collection":[{"href":"https:\/\/www.odvjetnik-salopek.hr\/en\/wp-json\/wp\/v2\/pages"}],"about":[{"href":"https:\/\/www.odvjetnik-salopek.hr\/en\/wp-json\/wp\/v2\/types\/page"}],"author":[{"embeddable":true,"href":"https:\/\/www.odvjetnik-salopek.hr\/en\/wp-json\/wp\/v2\/users\/1"}],"replies":[{"embeddable":true,"href":"https:\/\/www.odvjetnik-salopek.hr\/en\/wp-json\/wp\/v2\/comments?post=23"}],"version-history":[{"count":0,"href":"https:\/\/www.odvjetnik-salopek.hr\/en\/wp-json\/wp\/v2\/pages\/23\/revisions"}],"wp:attachment":[{"href":"https:\/\/www.odvjetnik-salopek.hr\/en\/wp-json\/wp\/v2\/media?parent=23"}],"curies":[{"name":"wp","href":"https:\/\/api.w.org\/{rel}","templated":true}]}}